{"id":1,"date":"2019-09-02T07:23:47","date_gmt":"2019-09-02T07:23:47","guid":{"rendered":"https:\/\/pflege.hovi.info\/?p=1"},"modified":"2026-01-19T16:23:19","modified_gmt":"2026-01-19T15:23:19","slug":"getting-started","status":"publish","type":"page","link":"https:\/\/www.pflegefachbuch.de\/","title":{"rendered":"Home"},"content":{"rendered":"<h1>B\u00fccherblog zum Thema Pflege<\/h1>\n<div>\n<p>Wir stellen Euch hier Fachb\u00fccher in den Kategorien Pflegeexpertise, Pflegewissenschaft, Pflegemanagement, Pflegep\u00e4dagogik, Berufspolitik in der Pflege vor .<\/p>\n<\/div>\n<p><p>\n        <a href=\"\/index.php?page_id=2\">Zu den B\u00fcchern<\/a>\n    <\/p>\n<\/p>\n<h1>\n<p>Unsere Ziele<\/p>\n<\/h1>\n<div>\n<p>Der Schwerpunkt dieses Blogs liegt auf der Ver\u00f6ffentlichung von Rezensionen zum Thema Fachb\u00fccher aus der professionellen Pflege von Menschen. Der Inhaber dieses Blogs ist Krankenpfleger seit 1990 und war Inhaber eines ambulanten Pflegedienstes bis 2022 \/ PDL seit 1992. Die Vielfalt der fachlichen Themen allein im ambulanten Setting mit seiner Verkn\u00fcpfung zu Pflegemanagement und \u00d6konomie sowie der Kontakt \u00fcber soziale Medien zu engagierten Kolleginnen aus anderen Bereichen wie Klinik, Reha Langzeitpflege , Pflegep\u00e4dagogik und Pflegewissenschaft lassen erahnen, wie viele Publikationen f\u00fcr die professionelle Pflege es geben muss. AutorInnen auf diesem Blog sind ausnahmslos Pflegefachleute. Der professionelle Umgang mit Sprache geh\u00f6rt zu unserem Beruf. Wir dokumentieren t\u00e4glich unser fachliches Handeln. Warum sollen wir nicht gemeinsam unsere Fachb\u00fccher einer interessierten Leserschaft vorstellen und somit auch die Vielfalt der beruflichen Pflege darstellen? Viel Vergn\u00fcgen beim st\u00f6bern auf unseren Seiten w\u00fcnscht das Team des Blog Pflegeportal.<\/p>\n<\/div>\n<ul>\n<li>\n<p>        <img decoding=\"async\" src=\"\/wp-content\/uploads\/noun-nurse-practitioner-6549669-C82B3F.svg\" alt=\"\"><\/p>\n<h2>Pflegeexpertise<\/h2>\n<div>Lorem ipsum dolor sit amet, consetetur adipscing elitr, sed  do eirmod tempor<\/div>\n<p><a href=\"\/index.php?cat=6\"><\/a><\/p>\n<\/li>\n<li>\n<p>        <img decoding=\"async\" src=\"\/wp-content\/uploads\/noun-science-4253457-C82B3F.svg\" alt=\"\"><\/p>\n<h2>Pflegewissenschaft<\/h2>\n<div>Lorem ipsum dolor sit amet, consetetur adipscing elitr, sed  do eirmod tempor<\/div>\n<p><a href=\"\/index.php?cat=7\"><\/a><\/p>\n<\/li>\n<li>\n<p>        <img decoding=\"async\" src=\"\/wp-content\/uploads\/noun-management-144443-C82B3F.svg\" alt=\"\"><\/p>\n<h2>Pflegemanagement<\/h2>\n<div>Lorem ipsum dolor sit amet, consetetur adipscing elitr, sed  do eirmod tempor<\/div>\n<p><a href=\"\/index.php?cat=8\"><\/a><\/p>\n<\/li>\n<li>\n<p>        <img decoding=\"async\" src=\"\/wp-content\/uploads\/noun-expertise-5952281-C82B3F.svg\" alt=\"\"><\/p>\n<h2>Pflegep\u00e4dagogik<\/h2>\n<div>Lorem ipsum dolor sit amet, consetetur adipscing elitr, sed  do eirmod tempor<\/div>\n<p><a href=\"\/index.php?cat=9\"><\/a><\/p>\n<\/li>\n<li>\n<p>        <img decoding=\"async\" src=\"\/wp-content\/uploads\/noun-politics-6569957-C82B3F.svg\" alt=\"\"><\/p>\n<h2>Berufspolitik in der Pflege<\/h2>\n<p><a href=\"\/index.php?cat=10\"><\/a><\/p>\n<\/li>\n<li>\n<p>        <img decoding=\"async\" src=\"\/wp-content\/uploads\/noun-old-books-5815141-C82B3F.svg\" alt=\"\"><\/p>\n<h2>Antiquarische Beitr\u00e4ge<\/h2>\n<p><a href=\"\/index.php?cat=11\"><\/a><\/p>\n<\/li>\n<\/ul>\n<p><!--more--><br \/>\n<!-- {\"type\":\"layout\",\"children\":[{\"name\":\"Hero\",\"type\":\"section\",\"props\":{\"animation\":\"fade\",\"height_viewport\":true,\"image\":\"wp-content\\\/uploads\\\/pflegefachbuecher.jpg\",\"image_loading\":true,\"image_position\":\"top-center\",\"image_size\":\"cover\",\"image_width\":\"1560\",\"style\":\"secondary\",\"title_breakpoint\":\"xl\",\"title_position\":\"top-left\",\"title_rotation\":\"left\",\"vertical_align\":\"\",\"width\":\"expand\"},\"children\":[{\"type\":\"row\",\"props\":{\"column_gap\":\"collapse\",\"divider\":false,\"layout\":\"large,expand\",\"row_gap\":\"collapse\"},\"children\":[{\"type\":\"column\",\"props\":{\"image_position\":\"center-center\",\"padding\":\"large\",\"position_sticky_breakpoint\":\"m\",\"preserve_color\":false,\"style\":\"tile-secondary\",\"width_medium\":\"2xlarge\"},\"children\":[{\"type\":\"headline\",\"props\":{\"block_align\":\"center\",\"content\":\"B\\u00fccherblog zum Thema Pflege\",\"margin_remove_bottom\":true,\"maxwidth\":\"large\",\"title_element\":\"h1\",\"title_style\":\"h2\"}},{\"type\":\"text\",\"props\":{\"block_align\":\"center\",\"column_breakpoint\":\"m\",\"content\":\"\n\n<p>Wir stellen Euch hier Fachb\\u00fccher in den Kategorien Pflegeexpertise, Pflegewissenschaft, Pflegemanagement, Pflegep\\u00e4dagogik, Berufspolitik in der Pflege vor .<\\\/p>\",\"margin\":\"small\",\"maxwidth\":\"large\",\"text_style\":\"large\"}},{\"type\":\"button\",\"props\":{\"block_align\":\"center\",\"grid_column_gap\":\"small\",\"grid_row_gap\":\"small\",\"margin\":\"medium\",\"maxwidth\":\"large\"},\"children\":[{\"type\":\"button_item\",\"props\":{\"button_style\":\"primary\",\"content\":\"Zu den B\\u00fcchern\",\"dialog_layout\":\"modal\",\"dialog_offcanvas_flip\":true,\"icon_align\":\"left\",\"link\":\"index.php?page_id=2\"}}]}]},{\"type\":\"column\",\"props\":{\"image_position\":\"center-center\",\"position_sticky_breakpoint\":\"m\",\"width_medium\":\"expand\"}}]}]},{\"type\":\"section\",\"props\":{\"image_position\":\"center-center\",\"style\":\"default\",\"title_breakpoint\":\"xl\",\"title_position\":\"top-left\",\"title_rotation\":\"left\",\"vertical_align\":\"middle\",\"width\":\"default\"},\"children\":[{\"type\":\"row\",\"props\":{\"layout\":\"1-2,1-2\"},\"children\":[{\"type\":\"column\",\"props\":{\"image_position\":\"center-center\",\"position_sticky_breakpoint\":\"m\",\"width_medium\":\"1-2\"},\"children\":[{\"type\":\"headline\",\"props\":{\"content\":\"\n\n<p>Unsere Ziele<\\\/p>\",\"title_element\":\"h1\"}}]},{\"type\":\"column\",\"props\":{\"image_position\":\"center-center\",\"position_sticky_breakpoint\":\"m\",\"width_medium\":\"1-2\"},\"children\":[{\"type\":\"text\",\"props\":{\"column_breakpoint\":\"m\",\"content\":\"\n\n<p>Der Schwerpunkt dieses Blogs liegt auf der Ver\\u00f6ffentlichung von Rezensionen zum Thema Fachb\\u00fccher aus der professionellen Pflege von Menschen. Der Inhaber dieses Blogs ist Krankenpfleger seit 1990 und war Inhaber eines ambulanten Pflegedienstes bis 2022 \\\/ PDL seit 1992. Die Vielfalt der fachlichen Themen allein im ambulanten Setting mit seiner Verkn\\u00fcpfung zu Pflegemanagement und \\u00d6konomie sowie der Kontakt \\u00fcber soziale Medien zu engagierten Kolleginnen aus anderen Bereichen wie Klinik, Reha Langzeitpflege , Pflegep\\u00e4dagogik und Pflegewissenschaft lassen erahnen, wie viele Publikationen f\\u00fcr die professionelle Pflege es geben muss. AutorInnen auf diesem Blog sind ausnahmslos Pflegefachleute. Der professionelle Umgang mit Sprache geh\\u00f6rt zu unserem Beruf. Wir dokumentieren t\\u00e4glich unser fachliches Handeln. Warum sollen wir nicht gemeinsam unsere Fachb\\u00fccher einer interessierten Leserschaft vorstellen und somit auch die Vielfalt der beruflichen Pflege darstellen? Viel Vergn\\u00fcgen beim st\\u00f6bern auf unseren Seiten w\\u00fcnscht das Team des Blog Pflegeportal.<\\\/p>\",\"margin\":\"default\"}}]}]}]},{\"name\":\"Buchkategorien\",\"type\":\"section\",\"props\":{\"animation\":\"slide-top-small\",\"animation_delay\":false,\"height_viewport\":false,\"image_position\":\"center-center\",\"image_size\":\"cover\",\"padding\":\"large\",\"padding_remove_top\":true,\"style\":\"default\",\"title_breakpoint\":\"xl\",\"title_position\":\"top-left\",\"title_rotation\":\"left\",\"vertical_align\":\"\",\"width\":\"large\"},\"children\":[{\"type\":\"row\",\"props\":{\"column_gap\":\"small\",\"row_gap\":\"small\"},\"children\":[{\"type\":\"column\",\"props\":{\"image_position\":\"center-center\",\"position_sticky_breakpoint\":\"m\",\"width_medium\":\"1-1\"},\"children\":[{\"type\":\"grid\",\"props\":{\"content_column_breakpoint\":\"m\",\"filter_align\":\"left\",\"filter_all\":true,\"filter_grid_breakpoint\":\"m\",\"filter_grid_width\":\"auto\",\"filter_position\":\"top\",\"filter_style\":\"tab\",\"grid_column_gap\":\"medium\",\"grid_default\":\"1\",\"grid_medium\":\"3\",\"grid_row_gap\":\"medium\",\"grid_small\":\"2\",\"icon_width\":80,\"image_align\":\"top\",\"image_grid_breakpoint\":\"m\",\"image_grid_width\":\"1-2\",\"image_loading\":true,\"image_svg_animate\":true,\"image_svg_color\":\"primary\",\"image_svg_inline\":false,\"item_animation\":true,\"lightbox_bg_close\":true,\"link_style\":\"default\",\"link_text\":\"\",\"margin\":\"default\",\"meta_align\":\"below-title\",\"meta_element\":\"div\",\"meta_style\":\"text-meta\",\"panel_link\":true,\"panel_link_hover\":\"true\",\"panel_padding\":\"default\",\"panel_style\":\"card-default\",\"parallax_easing\":\"1\",\"show_content\":false,\"show_hover_image\":true,\"show_hover_video\":true,\"show_image\":true,\"show_link\":true,\"show_meta\":true,\"show_title\":true,\"show_video\":true,\"text_align\":\"center\",\"title_align\":\"top\",\"title_element\":\"h2\",\"title_grid_breakpoint\":\"m\",\"title_grid_width\":\"1-2\",\"title_hover_style\":\"reset\",\"title_style\":\"h4\"},\"children\":[{\"type\":\"grid_item\",\"props\":{\"content\":\"Lorem ipsum dolor sit amet, consetetur adipscing elitr, sed  do eirmod tempor\",\"image\":\"wp-content\\\/uploads\\\/noun-nurse-practitioner-6549669-C82B3F.svg\",\"link\":\"index.php?cat=6\",\"title\":\"Pflegeexpertise\"}},{\"type\":\"grid_item\",\"props\":{\"content\":\"Lorem ipsum dolor sit amet, consetetur adipscing elitr, sed  do eirmod tempor\",\"image\":\"wp-content\\\/uploads\\\/noun-science-4253457-C82B3F.svg\",\"link\":\"index.php?cat=7\",\"title\":\"Pflegewissenschaft\"}},{\"type\":\"grid_item\",\"props\":{\"content\":\"Lorem ipsum dolor sit amet, consetetur adipscing elitr, sed  do eirmod tempor\",\"image\":\"wp-content\\\/uploads\\\/noun-management-144443-C82B3F.svg\",\"link\":\"index.php?cat=8\",\"title\":\"Pflegemanagement\"}},{\"type\":\"grid_item\",\"props\":{\"content\":\"Lorem ipsum dolor sit amet, consetetur adipscing elitr, sed  do eirmod tempor\",\"image\":\"wp-content\\\/uploads\\\/noun-expertise-5952281-C82B3F.svg\",\"link\":\"index.php?cat=9\",\"title\":\"Pflegep\\u00e4dagogik\"}},{\"type\":\"grid_item\",\"props\":{\"image\":\"wp-content\\\/uploads\\\/noun-politics-6569957-C82B3F.svg\",\"link\":\"index.php?cat=10\",\"title\":\"Berufspolitik in der Pflege\"}},{\"type\":\"grid_item\",\"props\":{\"image\":\"wp-content\\\/uploads\\\/noun-old-books-5815141-C82B3F.svg\",\"link\":\"index.php?cat=11\",\"title\":\"Antiquarische Beitr\\u00e4ge\"}}]}]}]}]}],\"version\":\"4.5.13\",\"yooessentialsVersion\":\"2.4.12\"} --><\/p>\n","protected":false},"excerpt":{"rendered":"<p>B\u00fccherblog zum Thema Pflege Wir stellen Euch hier Fachb\u00fccher in den Kategorien Pflegeexpertise, Pflegewissenschaft, Pflegemanagement, Pflegep\u00e4dagogik, Berufspolitik in der Pflege vor . Zu den B\u00fcchern Unsere Ziele Der Schwerpunkt dieses Blogs liegt auf der Ver\u00f6ffentlichung von Rezensionen zum Thema Fachb\u00fccher aus der professionellen Pflege von Menschen. Der Inhaber dieses Blogs ist Krankenpfleger seit 1990 und [&hellip;]<\/p>\n","protected":false},"author":1,"featured_media":0,"parent":0,"menu_order":8,"comment_status":"open","ping_status":"open","template":"","meta":{"_acf_changed":false,"footnotes":""},"class_list":["post-1","page","type-page","status-publish","hentry"],"acf":[],"_links":{"self":[{"href":"https:\/\/www.pflegefachbuch.de\/index.php?rest_route=\/wp\/v2\/pages\/1","targetHints":{"allow":["GET"]}}],"collection":[{"href":"https:\/\/www.pflegefachbuch.de\/index.php?rest_route=\/wp\/v2\/pages"}],"about":[{"href":"https:\/\/www.pflegefachbuch.de\/index.php?rest_route=\/wp\/v2\/types\/page"}],"author":[{"embeddable":true,"href":"https:\/\/www.pflegefachbuch.de\/index.php?rest_route=\/wp\/v2\/users\/1"}],"replies":[{"embeddable":true,"href":"https:\/\/www.pflegefachbuch.de\/index.php?rest_route=%2Fwp%2Fv2%2Fcomments&post=1"}],"version-history":[{"count":60,"href":"https:\/\/www.pflegefachbuch.de\/index.php?rest_route=\/wp\/v2\/pages\/1\/revisions"}],"predecessor-version":[{"id":1367,"href":"https:\/\/www.pflegefachbuch.de\/index.php?rest_route=\/wp\/v2\/pages\/1\/revisions\/1367"}],"wp:attachment":[{"href":"https:\/\/www.pflegefachbuch.de\/index.php?rest_route=%2Fwp%2Fv2%2Fmedia&parent=1"}],"curies":[{"name":"wp","href":"https:\/\/api.w.org\/{rel}","templated":true}]}}